{"id":1520,"date":"2015-02-11T09:44:45","date_gmt":"2015-02-11T09:44:45","guid":{"rendered":"http:\/\/dev.bullet.io\/branno\/vanliga-fragor-2\/"},"modified":"2016-01-12T15:08:40","modified_gmt":"2016-01-12T15:08:40","slug":"vanliga-fragor","status":"publish","type":"page","link":"https:\/\/brannovardshus.se\/de\/vanliga-fragor\/","title":{"rendered":"H\u00e4ufig gestellten Fragen"},"content":{"rendered":"<p class=\"ingress\"><strong>Tickets f\u00fcr die F\u00e4hre:<\/strong><\/p>\n<p class=\"ingress\">Tickets f\u00fcr die F\u00e4hre k\u00f6nnen Sie auf die F\u00e4hre kaufen.\u00a0Sind Sie mit der Strassenbahn oder mit dem Bus angereist, ist das Ticket auch fuer die F\u00e4hre gueltig.<\/p>\n<p class=\"ingress\"><strong>Parkpl\u00e4tze:<\/strong><\/p>\n<p class=\"ingress\">Da man die Insel nur mit die F\u00e4hre anreisen kann, muss man das Auto in der Stad stehen lassen. Parkpl\u00e4lze finden Sie am Saltholmen oder L\u00e5ngedrag.<\/p>\n<p class=\"ingress\"><strong>Taxi:<\/strong><\/p>\n<p class=\"ingress\">Sollten Sie ein Taxi auf die Insel brauchen, kann man es auf die Telefonnummer +46 31-757 99 80 vorbestellen.<\/p>\n<p class=\"ingress\"><strong>Unterkunft \/ Hotel<\/strong><\/p>\n<p class=\"ingress\"><strong>Ankommst;\u00a0<\/strong>ab 14.00 Uhr sind die Zimmer f\u00fcr Sie verf\u00fcgbar<\/p>\n<p class=\"ingress\"><strong>Abreise;<\/strong>\u00a0bevor 11.00 Uhr m\u00fcssen Sie die Zimmer verlassen haben<\/p>\n<p class=\"ingress\">Fr\u00fchst\u00fcck ist\u00a0im Preis inbegriffen<\/p>\n<p class=\"ingress\"><strong>Kreditkarten &amp; Euro: <\/strong><\/p>\n<p class=\"ingress\">Sie k\u00f6nnen mit Amex, Mastercard, Visa, Eurocard und Euro bezahlen.<\/p>\n<p>&nbsp;<\/p>\n","protected":false},"excerpt":{"rendered":"<p>Tickets f\u00fcr die F\u00e4hre: Tickets f\u00fcr die F\u00e4hre k\u00f6nnen Sie auf die F\u00e4hre kaufen.\u00a0Sind Sie mit der Strassenbahn oder mit dem Bus angereist, ist das Ticket auch fuer die F\u00e4hre gueltig. Parkpl\u00e4tze: Da man die Insel nur mit die F\u00e4hre anreisen kann, muss man das Auto in der Stad stehen lassen. Parkpl\u00e4lze finden Sie am [&hellip;]<\/p>\n","protected":false},"author":2,"featured_media":0,"parent":0,"menu_order":0,"comment_status":"open","ping_status":"open","template":"","meta":[],"_links":{"self":[{"href":"https:\/\/brannovardshus.se\/de\/wp-json\/wp\/v2\/pages\/1520"}],"collection":[{"href":"https:\/\/brannovardshus.se\/de\/wp-json\/wp\/v2\/pages"}],"about":[{"href":"https:\/\/brannovardshus.se\/de\/wp-json\/wp\/v2\/types\/page"}],"author":[{"embeddable":true,"href":"https:\/\/brannovardshus.se\/de\/wp-json\/wp\/v2\/users\/2"}],"replies":[{"embeddable":true,"href":"https:\/\/brannovardshus.se\/de\/wp-json\/wp\/v2\/comments?post=1520"}],"version-history":[{"count":5,"href":"https:\/\/brannovardshus.se\/de\/wp-json\/wp\/v2\/pages\/1520\/revisions"}],"predecessor-version":[{"id":2363,"href":"https:\/\/brannovardshus.se\/de\/wp-json\/wp\/v2\/pages\/1520\/revisions\/2363"}],"wp:attachment":[{"href":"https:\/\/brannovardshus.se\/de\/wp-json\/wp\/v2\/media?parent=1520"}],"curies":[{"name":"wp","href":"https:\/\/api.w.org\/{rel}","templated":true}]}}