{"id":1522,"date":"2015-02-11T09:43:45","date_gmt":"2015-02-11T09:43:45","guid":{"rendered":"http:\/\/dev.bullet.io\/branno\/oppettider-2\/"},"modified":"2026-04-01T21:45:09","modified_gmt":"2026-04-01T21:45:09","slug":"oppettider","status":"publish","type":"page","link":"https:\/\/brannovardshus.se\/de\/oppettider\/","title":{"rendered":"Unsere \u00d6ffnungszeiten"},"content":{"rendered":"<hr \/>\n<h4 class=\"ingress\">\u00d6ffnungszeiten f\u00fcr das Restaurant:<\/h4>\n<div class=\"text_exposed_show\"><em><span id=\"result_box\" lang=\"de\">Bitte beachten Sie, dass die K\u00fcche begrenzte Kapazit\u00e4t in der letzten Stunde haben vor Schlie\u00dfung <span class=\"tlid-translation translation\" style=\"color: #000000;\"><span title=\"\">Please note that the kitchen can have closed or reduced capacity\u00a0 1-2 hours before regular closing time, for more info call the restaurant or book a table at 031-97 04 78.\u00a0<\/span><\/span><\/span><\/em><\/div>\n<div><\/div>\n<hr \/>\n<h5>14. February &#8211; 31. Mai 2026<\/h5>\n<p><strong>During the Easter weekend, we are also open on Monday 6 April (Easter Monday) 12.00-18.00\/20.00. Welcome!\u00a0<\/strong><\/p>\n<p class=\"ingress\">Geschlossen Montag &#8211; Mittwoch<\/p>\n<ul>\n<li>Donnerstag 12.00-16\/20 (closing times may vary, call and check with the restaurante or book a table<\/li>\n<li class=\"ingress\">Freitag 12.00-21\/23 (closing times may vary, call and check with the restaurante for more info or book a table)<\/li>\n<li class=\"ingress\">Samstag 12.00-21\/23 (closing times may vary, call and check with the restaurante for more info or book a table)<\/li>\n<li>Sonntag 12.00-18\/20 (closing times may vary, call and check with the restaurante for more info or book a table)<\/li>\n<\/ul>\n<hr \/>\n<h5>14. February &#8211; 31. Mai<\/h5>\n<p class=\"ingress\">Geschlossen Montag &#8211; Mittwoch<\/p>\n<ul>\n<li>Donnerstag 12.00-16\/20 (closing times may vary, call and check with the restaurante or book a table<\/li>\n<li class=\"ingress\">Freitag 12.00-21\/23 (closing times may vary, call and check with the restaurante for more info or book a table)<\/li>\n<li class=\"ingress\">Samstag 12.00-21\/23 (closing times may vary, call and check with the restaurante for more info or book a table)<\/li>\n<li>Sonntag 12.00-18\/20 (closing times may vary, call and check with the restaurante for more info or book a table)<\/li>\n<\/ul>\n<h5 class=\"ingress preamble\">1. Juni &#8211; 25. Juni<\/h5>\n<p><span id=\"result_box\" lang=\"de\"><span class=\"hps\">Geschlossen<\/span> <span class=\"hps\">Montag, Dienstag<\/span><\/span><\/p>\n<ul>\n<li class=\"ingress\">Mittwoch 12-18\/20<\/li>\n<li>Donnerstag 12-20\/22<\/li>\n<li class=\"ingress\">Freitag &#8211; Samstag 12-23<\/li>\n<li class=\"ingress\">Sonntag 12-20<\/li>\n<li>\n<p class=\"ingress\"><em>Auber 20-21 Juni:<\/em><\/p>\n<ul>\n<li class=\"ingress\"><em>20. Juni 12-18<br \/>\n<\/em><em>21. Juni 14-22<\/em><\/li>\n<\/ul>\n<\/li>\n<\/ul>\n<hr \/>\n<h5>26. Juni &#8211; 10. August<\/h5>\n<p>Alle Tagen 12.00-23.00<\/p>\n<p><em>With reservations for changes<\/em><\/p>\n<hr \/>\n<h5 class=\"ingress preamble\">11. August &#8211; 15. Dezember<\/h5>\n<ul>\n<li class=\"ingress\"><span id=\"result_box\" lang=\"de\"><span class=\"hps\">Geschlossen<\/span> <span class=\"hps\">Montag, Dienstag, Mittwoch<\/span><\/span>\n<ul>\n<li>Donnerstag 12-16\/20*<\/li>\n<li class=\"ingress\">Freitag 12-21\/23*<\/li>\n<li class=\"ingress\">Samstag 12-21\/23*<\/li>\n<li class=\"ingress\">Sonntag 12-18\/20*<\/li>\n<\/ul>\n<\/li>\n<\/ul>\n<hr \/>\n<p>* During low season closing time may vary, call the restaurant for more information or book a table<\/p>\n<p><em><span id=\"result_box\" class=\"short_text\" lang=\"de\">\u00c4nderungen vorbehalten<\/span><\/em><\/p>\n","protected":false},"excerpt":{"rendered":"<p>\u00d6ffnungszeiten f\u00fcr das Restaurant: Bitte beachten Sie, dass die K\u00fcche begrenzte Kapazit\u00e4t in der letzten Stunde haben vor Schlie\u00dfung Please note that the kitchen can have closed or reduced capacity\u00a0 1-2 hours before regular closing time, for more info call the restaurant or book a table at 031-97 04 78.\u00a0 14. February &#8211; 31. Mai [&hellip;]<\/p>\n","protected":false},"author":2,"featured_media":0,"parent":0,"menu_order":0,"comment_status":"open","ping_status":"open","template":"","meta":[],"_links":{"self":[{"href":"https:\/\/brannovardshus.se\/de\/wp-json\/wp\/v2\/pages\/1522"}],"collection":[{"href":"https:\/\/brannovardshus.se\/de\/wp-json\/wp\/v2\/pages"}],"about":[{"href":"https:\/\/brannovardshus.se\/de\/wp-json\/wp\/v2\/types\/page"}],"author":[{"embeddable":true,"href":"https:\/\/brannovardshus.se\/de\/wp-json\/wp\/v2\/users\/2"}],"replies":[{"embeddable":true,"href":"https:\/\/brannovardshus.se\/de\/wp-json\/wp\/v2\/comments?post=1522"}],"version-history":[{"count":20,"href":"https:\/\/brannovardshus.se\/de\/wp-json\/wp\/v2\/pages\/1522\/revisions"}],"predecessor-version":[{"id":10957,"href":"https:\/\/brannovardshus.se\/de\/wp-json\/wp\/v2\/pages\/1522\/revisions\/10957"}],"wp:attachment":[{"href":"https:\/\/brannovardshus.se\/de\/wp-json\/wp\/v2\/media?parent=1522"}],"curies":[{"name":"wp","href":"https:\/\/api.w.org\/{rel}","templated":true}]}}