{"id":1547,"date":"2015-01-09T07:50:51","date_gmt":"2015-01-09T07:50:51","guid":{"rendered":"http:\/\/dev.bullet.io\/branno\/hitta-hit-2\/"},"modified":"2016-01-12T15:05:51","modified_gmt":"2016-01-12T15:05:51","slug":"hitta-hit","status":"publish","type":"page","link":"https:\/\/brannovardshus.se\/de\/hitta-hit\/","title":{"rendered":"Der Weg zu Br\u00e4nn\u00f6"},"content":{"rendered":"<p><a href=\"http:\/\/dev.bullet.io\/branno\/wp-content\/uploads\/2015\/02\/Branno-moped-vente-barn2.jpg\"><img loading=\"lazy\" class=\" size-medium wp-image-431 alignleft\" src=\"http:\/\/dev.bullet.io\/branno\/wp-content\/uploads\/2015\/02\/Branno-moped-vente-barn2-300x197.jpg\" alt=\"Br\u00e4nn\u00f6 moped vente barn2\" width=\"300\" height=\"197\" srcset=\"https:\/\/brannovardshus.se\/wp-content\/uploads\/2015\/02\/Branno-moped-vente-barn2-300x197.jpg 300w, https:\/\/brannovardshus.se\/wp-content\/uploads\/2015\/02\/Branno-moped-vente-barn2.jpg 640w\" sizes=\"(max-width: 300px) 100vw, 300px\" \/><\/a><\/p>\n<h5>Br\u00e4nn\u00f6 erreicht man nur mit die F\u00e4hre von Saltholmen<\/h5>\n<p>Man reist die Insel Br\u00e4nn\u00f6\u00a0von\u00a0&#8222;Saltholmen&#8220; aus an und man kann\u00a0an zwei verschiedene Br\u00fccken anlegen. Saltholmen &#8211; Br\u00e4nn\u00f6 R\u00f6dsten dauert die Reise ca 20 Minuten. Die F\u00e4hren gehen den ganzen Tag bis zu Mitternacht relativt h\u00e4ufig. Das andere Alternative um die Insel anzureisen ist von Saltholmen- Br\u00e4nn\u00f6 Husvik und die Reise dauert ca 50 Minuten. An diese Reise sehen Sie viele Inseln und die specielle Natur. An der Haltestelle Br\u00e4nn\u00f6 Husvik liegt die ber\u00fchmte Br\u00e4nn\u00f6 Brygga ( Br\u00fccke )<\/p>\n<p>&nbsp;<\/p>\n<p>Auf die Insel geht man zu fuss, f\u00e4hrt Fahrrad oder f\u00e4hrt das specielle Dreiradfahrzeug. &#8220; Flakmoppe&#8220;<\/p>\n<p>&nbsp;<\/p>\n<h5>Taxi<\/h5>\n<p>Nehmen Sie einTaxi zu die F\u00e4hre, dann ist die Adresse; Saltholmens b\u00e5tterminal, um an das F\u00e4hrengel\u00e4nder anzukommen.<\/p>\n<h5>Zeitplan fuer die f\u00e4hre und strassenbahn<\/h5>\n<p>Sie k\u00f6nnen mit der Strassenbahn nr 11 das ganze Jahr durch\u00a0anfahren und w\u00e4hrend den Summer k\u00f6nnen Sie auch die Strassenbahn nr 9 nehmen.<\/p>\n<p>Link f\u00fcr die F\u00e4hre und die Strassenbahn:<\/p>\n<p><a title=\"Reseplaneraren\" href=\"http:\/\/www.vasttrafik.se\/\" target=\"_blank\">Reseplaneraren<\/a><\/p>\n<h5>Styrs\u00f6bolagets Zeitplan fuer die f\u00e4hre<\/h5>\n<p><a href=\"http:\/\/www.styrsobolaget.se\/upload\/styrsobolaget\/pdf%20tidtabeller\/283%20Vinter%2020141214-20151212%20allm\u00e4nhet%20ver%202.pdf\">G\u00e4ller 14 dec &#8211; 13 juni<\/a><\/p>\n<p><a href=\"http:\/\/www.styrsobolaget.se\/upload\/styrsobolaget\/pdf%20tidtabeller\/283%20Sommar%2020150614-0815%20allm\u00e4nhet.pdf\">Sommartabell 14 juni- 15 augusti<\/a><\/p>\n<h5><\/h5>\n<h5>Mit dem auto<\/h5>\n<p>Auf die Insel ist Fahrverbot,\u00a0desshalb\u00a0muessen Sie das Auto am\u00a0Saltholmen,\u00a0L\u00e5ngedrag\u00a0oder am Hinsholmen parkieren.<\/p>\n<p>Link zu den Parkpl\u00e4tzen<\/p>\n<p><a href=\"http:\/\/www.styrsobolaget.se\/Sodra-Skargarden\/Parkering\" target=\"_blank\">Parkering<\/a><\/p>\n<h5><\/h5>\n<h5>von\u00a0Landvetter flughafen<\/h5>\n<p>Jeder Viertelstunde geht der Flugbuss von Landvetter Flughafen zu Haltestelle,\u00a0&#8222;Nils Ericssons terminalen&#8220;\u00a0Zentral im G\u00f6teborg.Von da aus nehmt man den Strassenbahn nach &#8220; Saltholmen&#8220;.<\/p>\n<p><a href=\"http:\/\/www.flygbussarna.se\/landvetter?gclid=CP3x7IWYhcUCFSOzcgod3bEAyw\" target=\"_blank\">Flygbussar<\/a><\/p>\n<h5><\/h5>\n<p>&nbsp;<\/p>\n","protected":false},"excerpt":{"rendered":"<p>Br\u00e4nn\u00f6 erreicht man nur mit die F\u00e4hre von Saltholmen Man reist die Insel Br\u00e4nn\u00f6\u00a0von\u00a0&#8222;Saltholmen&#8220; aus an und man kann\u00a0an zwei verschiedene Br\u00fccken anlegen. Saltholmen &#8211; Br\u00e4nn\u00f6 R\u00f6dsten dauert die Reise ca 20 Minuten. Die F\u00e4hren gehen den ganzen Tag bis zu Mitternacht relativt h\u00e4ufig. Das andere Alternative um die Insel anzureisen ist von Saltholmen- Br\u00e4nn\u00f6 [&hellip;]<\/p>\n","protected":false},"author":2,"featured_media":0,"parent":0,"menu_order":11,"comment_status":"open","ping_status":"open","template":"","meta":[],"_links":{"self":[{"href":"https:\/\/brannovardshus.se\/de\/wp-json\/wp\/v2\/pages\/1547"}],"collection":[{"href":"https:\/\/brannovardshus.se\/de\/wp-json\/wp\/v2\/pages"}],"about":[{"href":"https:\/\/brannovardshus.se\/de\/wp-json\/wp\/v2\/types\/page"}],"author":[{"embeddable":true,"href":"https:\/\/brannovardshus.se\/de\/wp-json\/wp\/v2\/users\/2"}],"replies":[{"embeddable":true,"href":"https:\/\/brannovardshus.se\/de\/wp-json\/wp\/v2\/comments?post=1547"}],"version-history":[{"count":4,"href":"https:\/\/brannovardshus.se\/de\/wp-json\/wp\/v2\/pages\/1547\/revisions"}],"predecessor-version":[{"id":2361,"href":"https:\/\/brannovardshus.se\/de\/wp-json\/wp\/v2\/pages\/1547\/revisions\/2361"}],"wp:attachment":[{"href":"https:\/\/brannovardshus.se\/de\/wp-json\/wp\/v2\/media?parent=1547"}],"curies":[{"name":"wp","href":"https:\/\/api.w.org\/{rel}","templated":true}]}}