{"id":1636,"date":"2015-04-21T12:36:11","date_gmt":"2015-04-21T12:36:11","guid":{"rendered":"http:\/\/dev.bullet.io\/branno\/vadret-pa-branno-2\/"},"modified":"2015-12-28T15:31:46","modified_gmt":"2015-12-28T15:31:46","slug":"vadret-pa-branno","status":"publish","type":"page","link":"https:\/\/brannovardshus.se\/de\/vadret-pa-branno\/","title":{"rendered":"Das Wetter auf Br\u00e4nn\u00f6"},"content":{"rendered":"<p>Link zu Webbkameras\u00a0und Wetterprognosen zum anschauen.<\/p>\n<p><a href=\"http:\/\/www.webbkameror.se\/webbkameror\/vrango\/\" target=\"_blank\">Webbkamera i G\u00f6teborgs S\u00f6dra Sk\u00e4rg\u00e5rd<\/a><\/p>\n<p><a href=\"http:\/\/www.yr.no\/sted\/Sverige\/V\u00e4stra_G\u00f6taland\/Br\u00e4nn\u00f6\/\" target=\"_blank\">V\u00e4derprognos gjort av norrm\u00e4nnens YR<\/a><\/p>\n<p><a href=\"http:\/\/www.smhi.se\/#ort=2719735,Br%C3%A4nn%C3%B6,G%C3%B6teborg,Sverige,57.64528\/11.781667\" target=\"_blank\">V\u00e4derprognos\u00a0gjort av\u00a0SMHI<\/a><\/p>\n<p><a href=\"http:\/\/www.dmi.dk\/vejr\/maalinger\/radar-nedboer\/\" target=\"_blank\">V\u00e4derprognos gjort\u00a0av danskarnas DMI<\/a><\/p>\n","protected":false},"excerpt":{"rendered":"<p>Link zu Webbkameras\u00a0und Wetterprognosen zum anschauen. Webbkamera i G\u00f6teborgs S\u00f6dra Sk\u00e4rg\u00e5rd V\u00e4derprognos gjort av norrm\u00e4nnens YR V\u00e4derprognos\u00a0gjort av\u00a0SMHI V\u00e4derprognos gjort\u00a0av danskarnas DMI<\/p>\n","protected":false},"author":2,"featured_media":0,"parent":0,"menu_order":0,"comment_status":"open","ping_status":"open","template":"","meta":[],"_links":{"self":[{"href":"https:\/\/brannovardshus.se\/de\/wp-json\/wp\/v2\/pages\/1636"}],"collection":[{"href":"https:\/\/brannovardshus.se\/de\/wp-json\/wp\/v2\/pages"}],"about":[{"href":"https:\/\/brannovardshus.se\/de\/wp-json\/wp\/v2\/types\/page"}],"author":[{"embeddable":true,"href":"https:\/\/brannovardshus.se\/de\/wp-json\/wp\/v2\/users\/2"}],"replies":[{"embeddable":true,"href":"https:\/\/brannovardshus.se\/de\/wp-json\/wp\/v2\/comments?post=1636"}],"version-history":[{"count":5,"href":"https:\/\/brannovardshus.se\/de\/wp-json\/wp\/v2\/pages\/1636\/revisions"}],"predecessor-version":[{"id":2137,"href":"https:\/\/brannovardshus.se\/de\/wp-json\/wp\/v2\/pages\/1636\/revisions\/2137"}],"wp:attachment":[{"href":"https:\/\/brannovardshus.se\/de\/wp-json\/wp\/v2\/media?parent=1636"}],"curies":[{"name":"wp","href":"https:\/\/api.w.org\/{rel}","templated":true}]}}