{"id":1795,"date":"2015-05-21T13:03:08","date_gmt":"2015-05-21T13:03:08","guid":{"rendered":"https:\/\/brannovardshus.se\/de\/branno-for-en-dag\/"},"modified":"2015-05-21T13:03:08","modified_gmt":"2015-05-21T13:03:08","slug":"branno-for-en-dag","status":"publish","type":"page","link":"https:\/\/brannovardshus.se\/de\/upplev-branno\/branno-for-en-dag\/","title":{"rendered":"BR\u00c4NN\u00d6 \u00c5RET RUNT"},"content":{"rendered":"","protected":false},"excerpt":{"rendered":"","protected":false},"author":2,"featured_media":0,"parent":1532,"menu_order":0,"comment_status":"open","ping_status":"open","template":"","meta":[],"_links":{"self":[{"href":"https:\/\/brannovardshus.se\/de\/wp-json\/wp\/v2\/pages\/1795"}],"collection":[{"href":"https:\/\/brannovardshus.se\/de\/wp-json\/wp\/v2\/pages"}],"about":[{"href":"https:\/\/brannovardshus.se\/de\/wp-json\/wp\/v2\/types\/page"}],"author":[{"embeddable":true,"href":"https:\/\/brannovardshus.se\/de\/wp-json\/wp\/v2\/users\/2"}],"replies":[{"embeddable":true,"href":"https:\/\/brannovardshus.se\/de\/wp-json\/wp\/v2\/comments?post=1795"}],"version-history":[{"count":0,"href":"https:\/\/brannovardshus.se\/de\/wp-json\/wp\/v2\/pages\/1795\/revisions"}],"up":[{"embeddable":true,"href":"https:\/\/brannovardshus.se\/de\/wp-json\/wp\/v2\/pages\/1532"}],"wp:attachment":[{"href":"https:\/\/brannovardshus.se\/de\/wp-json\/wp\/v2\/media?parent=1795"}],"curies":[{"name":"wp","href":"https:\/\/api.w.org\/{rel}","templated":true}]}}