{"id":1546,"date":"2015-01-09T07:50:51","date_gmt":"2015-01-09T07:50:51","guid":{"rendered":"http:\/\/dev.bullet.io\/branno\/hitta-hit-2\/"},"modified":"2015-12-30T17:48:32","modified_gmt":"2015-12-30T17:48:32","slug":"hitta-hit","status":"publish","type":"page","link":"https:\/\/brannovardshus.se\/en\/hitta-hit\/","title":{"rendered":"How to get here"},"content":{"rendered":"<p class=\"preamble\">How to find us<\/p>\n<p>Private cars are forbidden in the southern archipelago. You get to Br\u00e4nn\u00f6 by taking the ferry from the ferry terminal Saltholmen. Once you get to the island, you have to walk, bicycle or go by ashtray moped.<\/p>\n<p>&nbsp;<\/p>\n<p class=\"preamble\">Getting from the boat to the Inn<\/p>\n<p>It is a pleasant walk through the old village from the ferry terminals to the Inn. We are situated at Husviksv\u00e4gen 52. From the ferry terminals, just follow the main road R\u00f6dstensv\u00e4gen\/Husviksv\u00e4gen. We are sitauted in the middle of the island. From Br\u00e4nn\u00f6 R\u00f6dsten it&#8217;s a distance of 1.2 km, which takes approximately 15 minutes to walk.<\/p>\n<p>&nbsp;<\/p>\n<p class=\"preamble\">Boats and tickets<\/p>\n<p>The ferries leave Saltholmen for Br\u00e4nn\u00f6 almost every hour, from early morning to late night. There are two ferry stops on the island, R\u00f6dsten and Husvik.<\/p>\n<p>R\u00f6dsten is the most heavily trafficated. The ferry ride takes about twenty minutes and makes one or two stops at Asper\u00f6.<\/p>\n<p>The ride to Husvik takes about fifty minutes and the ferry stops at several islands, including K\u00f6pstads\u00f6 and Styrs\u00f6.<\/p>\n<p>The tram\/bus ticket is also valid on the ferry. You can buy your ticket at the V\u00e4sttrafik service station on Saltholmen or from the boatsman on the ferry. Bank cards are accepted.<\/p>\n<p>Timetable for <a href=\"http:\/\/www.styrsobolaget.se\/upload\/styrsobolaget\/pdf%20tidtabeller\/R%C3%B6dsten%20Direkttidtabeller%2020151213.pdf\" target=\"_blank\">Saltholmen-Br\u00e4nn\u00f6 R\u00f6dsten<\/a><\/p>\n<p>Timetable for <a href=\"http:\/\/www.styrsobolaget.se\/upload\/styrsobolaget\/pdf%20tidtabeller\/Husvik%20Direkttidtabeller%2020151213.pdf\" target=\"_blank\">Saltholmen-Br\u00e4nn\u00f6 Husvik<\/a><\/p>\n<p class=\"preamble\">\n<p class=\"preamble\">Getting to Saltholmen by tram or bus<\/p>\n<p>To get to Saltholmen you catch either the number 11 tram (during the summer time also the number 9 tram, make sure to check the time table), or the number 114 bus. You catch the trams at the Central Station, and the bus leaves from the Nils Ericson Terminal.<\/p>\n<p>Both the trams and the bus make their final stop just outside the ferry terminal. You can use the same ticket for tram, bus and ferry, and it is valid for 90 minutes.<\/p>\n<p>See <a title=\"Reseplaneraren\" href=\"http:\/\/www.vasttrafik.se\/\" target=\"_blank\">Time tables <\/a>for trams, buses and ferries<\/p>\n<p>&nbsp;<\/p>\n<p class=\"preamble\">Getting to Saltholmen by taxi<\/p>\n<p>If you go by taxi to Saltholmen, the address is Saltholmen ferry terminal.<\/p>\n<p>&nbsp;<\/p>\n<p class=\"preamble\">Getting to Saltholmen by car<\/p>\n<p>Private cars are forbidden in the southern archipelago.The car must be parked at Saltholmen, before boarding your ferry. There are a limited amount of parking spaces at Saltholmen, but there are larger parking spaces at both L\u00e5ngedrag and Hinsholmen (the two tram stops before Saltholmen). Follow the signs.<\/p>\n<p><a href=\"http:\/\/www.styrsobolaget.se\/Sodra-Skargarden\/Parkering\" target=\"_blank\">Parking<\/a><\/p>\n<p class=\"preamble\">\n<p class=\"preamble\">Taxi on Br\u00e4nn\u00f6<\/p>\n<p>There is a taxi that can be booked for arriving and\/or departing ferries.<\/p>\n<p>Call +46 &#8211;<span class=\"st\">31-757 99 80<\/span><\/p>\n<p class=\"preamble\">\n<p class=\"preamble\">From Landvetter Airport<\/p>\n<p>Shuttle buses leave the airport every fifteen minutes, taking you to the Nils Ericson Terminal. Just outside the central station you can get on tram line 11 in the direction &#8220;Saltholmen&#8221;. You may also catch the bus &#8220;\u00d6snabben&#8221; 114 from the Nils Ericson Terminal, however the bus only traffics this line during rush hours; in the morning before 9 a.m. and between 3 p.m. and 6 p.m.<\/p>\n<p><a href=\"http:\/\/www.flygbussarna.se\/landvetter?gclid=CP3x7IWYhcUCFSOzcgod3bEAyw\" target=\"_blank\">Shuttle buses<\/a><\/p>\n<p>&nbsp;<\/p>\n","protected":false},"excerpt":{"rendered":"<p>How to find us Private cars are forbidden in the southern archipelago. You get to Br\u00e4nn\u00f6 by taking the ferry from the ferry terminal Saltholmen. Once you get to the island, you have to walk, bicycle or go by ashtray moped. &nbsp; Getting from the boat to the Inn It is a pleasant walk through [&hellip;]<\/p>\n","protected":false},"author":2,"featured_media":0,"parent":0,"menu_order":11,"comment_status":"open","ping_status":"open","template":"","meta":[],"_links":{"self":[{"href":"https:\/\/brannovardshus.se\/en\/wp-json\/wp\/v2\/pages\/1546"}],"collection":[{"href":"https:\/\/brannovardshus.se\/en\/wp-json\/wp\/v2\/pages"}],"about":[{"href":"https:\/\/brannovardshus.se\/en\/wp-json\/wp\/v2\/types\/page"}],"author":[{"embeddable":true,"href":"https:\/\/brannovardshus.se\/en\/wp-json\/wp\/v2\/users\/2"}],"replies":[{"embeddable":true,"href":"https:\/\/brannovardshus.se\/en\/wp-json\/wp\/v2\/comments?post=1546"}],"version-history":[{"count":5,"href":"https:\/\/brannovardshus.se\/en\/wp-json\/wp\/v2\/pages\/1546\/revisions"}],"predecessor-version":[{"id":2282,"href":"https:\/\/brannovardshus.se\/en\/wp-json\/wp\/v2\/pages\/1546\/revisions\/2282"}],"wp:attachment":[{"href":"https:\/\/brannovardshus.se\/en\/wp-json\/wp\/v2\/media?parent=1546"}],"curies":[{"name":"wp","href":"https:\/\/api.w.org\/{rel}","templated":true}]}}