{"id":1794,"date":"2015-05-21T13:03:08","date_gmt":"2015-05-21T13:03:08","guid":{"rendered":"https:\/\/brannovardshus.se\/en\/branno-for-en-dag\/"},"modified":"2015-05-21T13:03:08","modified_gmt":"2015-05-21T13:03:08","slug":"branno-for-en-dag","status":"publish","type":"page","link":"https:\/\/brannovardshus.se\/en\/branno-for-en-dag\/","title":{"rendered":"BR\u00c4NN\u00d6 \u00c5RET RUNT"},"content":{"rendered":"","protected":false},"excerpt":{"rendered":"","protected":false},"author":2,"featured_media":0,"parent":0,"menu_order":0,"comment_status":"open","ping_status":"open","template":"","meta":[],"_links":{"self":[{"href":"https:\/\/brannovardshus.se\/en\/wp-json\/wp\/v2\/pages\/1794"}],"collection":[{"href":"https:\/\/brannovardshus.se\/en\/wp-json\/wp\/v2\/pages"}],"about":[{"href":"https:\/\/brannovardshus.se\/en\/wp-json\/wp\/v2\/types\/page"}],"author":[{"embeddable":true,"href":"https:\/\/brannovardshus.se\/en\/wp-json\/wp\/v2\/users\/2"}],"replies":[{"embeddable":true,"href":"https:\/\/brannovardshus.se\/en\/wp-json\/wp\/v2\/comments?post=1794"}],"version-history":[{"count":0,"href":"https:\/\/brannovardshus.se\/en\/wp-json\/wp\/v2\/pages\/1794\/revisions"}],"wp:attachment":[{"href":"https:\/\/brannovardshus.se\/en\/wp-json\/wp\/v2\/media?parent=1794"}],"curies":[{"name":"wp","href":"https:\/\/api.w.org\/{rel}","templated":true}]}}