{"id":1796,"date":"2015-01-07T15:50:43","date_gmt":"2015-01-07T15:50:43","guid":{"rendered":"https:\/\/brannovardshus.se\/en\/konferens-kickoff\/"},"modified":"2015-01-07T15:50:43","modified_gmt":"2015-01-07T15:50:43","slug":"konferens-kickoff","status":"publish","type":"page","link":"https:\/\/brannovardshus.se\/en\/konferens-kickoff\/","title":{"rendered":"Konferens &#038; kickoff"},"content":{"rendered":"<p class=\"preamble\"><strong>Ett lyckat m\u00f6te<\/strong><\/p>\n<p class=\"preamble\">N\u00e4rheten till G\u00f6teborg och med havet och klipporna som inspirerar finner du den rofyllda milj\u00f6 som g\u00f6r din\u00a0konferens lyckad.<\/p>\n<p class=\"preamble\">Med Sk\u00e4rg\u00e5rdsb\u00e5ten fr\u00e5n Saltholmen tar det endast 20 minuter ut till Br\u00e4nn\u00f6. Efter en promenad genom gamla byn ligger V\u00e4rdshuset.<\/p>\n<p><a href=\"http:\/\/dev.bullet.io\/branno\/wp-content\/uploads\/2015\/01\/konferens.jpg\"><img loading=\"lazy\" class=\"alignnone size-medium wp-image-477\" src=\"http:\/\/dev.bullet.io\/branno\/wp-content\/uploads\/2015\/01\/IMG_0551-300x200.jpg\" alt=\"IMG_0551\" width=\"300\" height=\"200\" srcset=\"https:\/\/brannovardshus.se\/wp-content\/uploads\/2015\/01\/IMG_0551-300x200.jpg 300w, https:\/\/brannovardshus.se\/wp-content\/uploads\/2015\/01\/IMG_0551.jpg 800w\" sizes=\"(max-width: 300px) 100vw, 300px\" \/><\/a><a href=\"http:\/\/dev.bullet.io\/branno\/wp-content\/uploads\/2015\/01\/IMG_0544.jpg\"><img loading=\"lazy\" class=\"alignnone size-medium wp-image-474\" src=\"http:\/\/dev.bullet.io\/branno\/wp-content\/uploads\/2015\/01\/IMG_0544-300x200.jpg\" alt=\"IMG_0544\" width=\"300\" height=\"200\" srcset=\"https:\/\/brannovardshus.se\/wp-content\/uploads\/2015\/01\/IMG_0544-300x200.jpg 300w, https:\/\/brannovardshus.se\/wp-content\/uploads\/2015\/01\/IMG_0544.jpg 800w\" sizes=\"(max-width: 300px) 100vw, 300px\" \/><\/a><\/p>\n<p class=\"preamble\"><strong>Kick Off<\/strong><\/p>\n<p class=\"preamble\">Ute hos oss p\u00e5 \u00f6arna l\u00e4mpar det sig utm\u00e4rkt att samla s\u00e5v\u00e4l den lilla som den stora gruppen.<\/p>\n<p class=\"preamble\">G\u00f6r en heldagsutflykt, kom in till oss f\u00f6r en fika, \u00e4t lunch och avsluta med en middag, eller kombinera med en personaldag i Glashuset. (OBS f\u00f6rbokning kr\u00e4vs)<\/p>\n","protected":false},"excerpt":{"rendered":"<p>Ett lyckat m\u00f6te N\u00e4rheten till G\u00f6teborg och med havet och klipporna som inspirerar finner du den rofyllda milj\u00f6 som g\u00f6r din\u00a0konferens lyckad. Med Sk\u00e4rg\u00e5rdsb\u00e5ten fr\u00e5n Saltholmen tar det endast 20 minuter ut till Br\u00e4nn\u00f6. Efter en promenad genom gamla byn ligger V\u00e4rdshuset. Kick Off Ute hos oss p\u00e5 \u00f6arna l\u00e4mpar det sig utm\u00e4rkt att samla [&hellip;]<\/p>\n","protected":false},"author":2,"featured_media":0,"parent":0,"menu_order":22,"comment_status":"open","ping_status":"closed","template":"","meta":[],"_links":{"self":[{"href":"https:\/\/brannovardshus.se\/en\/wp-json\/wp\/v2\/pages\/1796"}],"collection":[{"href":"https:\/\/brannovardshus.se\/en\/wp-json\/wp\/v2\/pages"}],"about":[{"href":"https:\/\/brannovardshus.se\/en\/wp-json\/wp\/v2\/types\/page"}],"author":[{"embeddable":true,"href":"https:\/\/brannovardshus.se\/en\/wp-json\/wp\/v2\/users\/2"}],"replies":[{"embeddable":true,"href":"https:\/\/brannovardshus.se\/en\/wp-json\/wp\/v2\/comments?post=1796"}],"version-history":[{"count":0,"href":"https:\/\/brannovardshus.se\/en\/wp-json\/wp\/v2\/pages\/1796\/revisions"}],"wp:attachment":[{"href":"https:\/\/brannovardshus.se\/en\/wp-json\/wp\/v2\/media?parent=1796"}],"curies":[{"name":"wp","href":"https:\/\/api.w.org\/{rel}","templated":true}]}}