{"id":1801,"date":"2015-03-03T13:30:47","date_gmt":"2015-03-03T13:30:47","guid":{"rendered":"https:\/\/brannovardshus.se\/en\/mat-fest\/dryck\/"},"modified":"2015-03-03T13:30:47","modified_gmt":"2015-03-03T13:30:47","slug":"dryck","status":"publish","type":"page","link":"https:\/\/brannovardshus.se\/en\/mat-fest\/dryck\/","title":{"rendered":"Dryck"},"content":{"rendered":"<p><a href=\"http:\/\/dev.bullet.io\/branno\/wp-content\/uploads\/2015\/03\/verandan1.jpg\"><img loading=\"lazy\" class=\"alignnone size-medium wp-image-788\" src=\"http:\/\/dev.bullet.io\/branno\/wp-content\/uploads\/2015\/03\/verandan1-300x200.jpg\" alt=\"verandan\" width=\"300\" height=\"200\" srcset=\"https:\/\/brannovardshus.se\/wp-content\/uploads\/2015\/03\/verandan1-300x200.jpg 300w, https:\/\/brannovardshus.se\/wp-content\/uploads\/2015\/03\/verandan1.jpg 800w\" sizes=\"(max-width: 300px) 100vw, 300px\" \/><\/a><img loading=\"lazy\" class=\"alignnone size-medium wp-image-789\" src=\"http:\/\/dev.bullet.io\/branno\/wp-content\/uploads\/2015\/03\/IMG_2155-300x200.jpg\" alt=\"IMG_2155\" width=\"300\" height=\"200\" srcset=\"https:\/\/brannovardshus.se\/wp-content\/uploads\/2015\/03\/IMG_2155-300x200.jpg 300w, https:\/\/brannovardshus.se\/wp-content\/uploads\/2015\/03\/IMG_2155.jpg 800w\" sizes=\"(max-width: 300px) 100vw, 300px\" \/><\/p>\n<p>S\u00e4rskilt glada \u00e4r vi f\u00f6r v\u00e5r Br\u00e4nn\u00f6l, en ljus lager\u00a0och v\u00e5r Br\u00e4nn\u00f6 snaps bryggd p\u00e5 Johannes\u00f6rt<\/p>\n<p>&nbsp;<\/p>\n<p>&nbsp;<\/p>\n<p>&nbsp;<\/p>\n<p><a href=\"http:\/\/dev.bullet.io\/branno\/wp-content\/uploads\/2015\/04\/Dryck-Branno-Vardshus.pdf\">Dryck Br\u00e4nn\u00f6 V\u00e4rdshus<\/a><\/p>\n<p>&nbsp;<\/p>\n","protected":false},"excerpt":{"rendered":"<p>S\u00e4rskilt glada \u00e4r vi f\u00f6r v\u00e5r Br\u00e4nn\u00f6l, en ljus lager\u00a0och v\u00e5r Br\u00e4nn\u00f6 snaps bryggd p\u00e5 Johannes\u00f6rt &nbsp; &nbsp; &nbsp; Dryck Br\u00e4nn\u00f6 V\u00e4rdshus &nbsp;<\/p>\n","protected":false},"author":2,"featured_media":0,"parent":1499,"menu_order":0,"comment_status":"open","ping_status":"open","template":"","meta":[],"_links":{"self":[{"href":"https:\/\/brannovardshus.se\/en\/wp-json\/wp\/v2\/pages\/1801"}],"collection":[{"href":"https:\/\/brannovardshus.se\/en\/wp-json\/wp\/v2\/pages"}],"about":[{"href":"https:\/\/brannovardshus.se\/en\/wp-json\/wp\/v2\/types\/page"}],"author":[{"embeddable":true,"href":"https:\/\/brannovardshus.se\/en\/wp-json\/wp\/v2\/users\/2"}],"replies":[{"embeddable":true,"href":"https:\/\/brannovardshus.se\/en\/wp-json\/wp\/v2\/comments?post=1801"}],"version-history":[{"count":0,"href":"https:\/\/brannovardshus.se\/en\/wp-json\/wp\/v2\/pages\/1801\/revisions"}],"up":[{"embeddable":true,"href":"https:\/\/brannovardshus.se\/en\/wp-json\/wp\/v2\/pages\/1499"}],"wp:attachment":[{"href":"https:\/\/brannovardshus.se\/en\/wp-json\/wp\/v2\/media?parent=1801"}],"curies":[{"name":"wp","href":"https:\/\/api.w.org\/{rel}","templated":true}]}}