{"id":1810,"date":"2015-04-14T08:44:26","date_gmt":"2015-04-14T08:44:26","guid":{"rendered":"https:\/\/brannovardshus.se\/en\/living\/musikevenemang\/"},"modified":"2015-04-14T08:44:26","modified_gmt":"2015-04-14T08:44:26","slug":"musikevenemang","status":"publish","type":"page","link":"https:\/\/brannovardshus.se\/en\/musikevenemang\/","title":{"rendered":"Evenemang"},"content":{"rendered":"<p>Br\u00e4nn\u00f6 kallas ocks\u00e5 &#8220;\u00f6n det sjunger om&#8221; V\u00e5r stolthet Lasse Dahlqvist och hans h\u00e4rliga musik spelas ofta Inte minst p\u00e5 v\u00e5r Lasse Dahlqvistdag f\u00f6rsta helgen i augusti.<\/p>\n<p>P\u00e5 V\u00e4rdshuset \u00e4r det musik flera g\u00e5nger per m\u00e5nad \u00e5ret runt men ocks\u00e5 en m\u00e4ngd andra evenemang och aktiviteter sker under \u00e5ret<\/p>\n<h4 class=\"preamble\">Musik<\/h4>\n<p>F\u00f6r planerade musikevenemang se under Aktiviteter<\/p>\n<p>&nbsp;<\/p>\n<h5 class=\"preamble\">GO:TO SEA<\/h5>\n<p>En hyllning till havet\u00a0i februari varje \u00e5r. Tina upp bland v\u00e4nner och g\u00e5 p\u00e5 n\u00e5gon av alla de havsn\u00e4ra aktiviteter som arrangeras runt om p\u00e5 stan. Ute p\u00e5 Br\u00e4nn\u00f6 serverar vi en havsinpirerard meny hela veckan. Mer information betr\u00e4ffande 2016 kommer inom kort.<\/p>\n<p>&nbsp;<\/p>\n<h4 class=\"preamble\"><a href=\"http:\/\/www.vastsverige.com\/sv\/goteborgsskargard\/\" target=\"_blank\">Upplev Sk\u00e4rg\u00e5rden<\/a><\/h4>\n<p><strong>G\u00f6teborgs<\/strong> Sk\u00e4rg\u00e5rd bjuder in dig till att uppleva Maten, Kulturen, Havet &amp; Naturen under evenemanget Upplev Sk\u00e4rg\u00e5rden \u2013 med alla dina sinnen.<\/p>\n<p>&nbsp;<\/p>\n<h6>Dans p\u00e5 Br\u00e4nn\u00f6 Brygga<\/h6>\n<p>Varje torsdag under sommaren dansas det f\u00f6r fullt p\u00e5 Br\u00e4nn\u00f6 Brygga. Sitt p\u00e5 klipporna och se ut \u00f6ver folkvimlet och den fantastiska solnedg\u00e5ngen \u00f6ver Vinga fyr.<\/p>\n<p><a href=\"http:\/\/brannoforeningen.se\/dans-pa-branno-brygga\/\" target=\"_blank\">Br\u00e4nn\u00f6f\u00f6reningen<\/a><\/p>\n<p>&nbsp;<\/p>\n<h6 class=\"preamble\">Hamn till hamn<\/h6>\n<p>Stor loppis utmed Husviksv\u00e4gen f\u00f6rsta l\u00f6rdagen i juli m\u00e5nad varje \u00e5r. Massor av k\u00f6psugna, stora som sm\u00e5! Missa inte denna folkfest.<\/p>\n<p>&nbsp;<\/p>\n<h4 class=\"preamble\">Sommarfars p\u00e5 Br\u00e4nn\u00f6<\/h4>\n<p>F\u00f6r andra \u00e5ret upprepar Henrik Wallgren och Per Umaerus sin succ\u00e9 med sommarteater h\u00e4r p\u00e5 Br\u00e4nn\u00f6. Skratteparadiset Br\u00e4nn\u00f6 bjuder : Kyss Mej Shejk! &#8211; De&#8217; \u00e4&#8217; magdans p\u00e5 Br\u00e4nn\u00f6 Brygga. Biljetter p\u00e5 ticnet. I rollerna ses: Harald Treutiger, \u00c5sa Gustafsson, Henrik Wallgren, Towe Wir\u00e9en, Per Umaerus, Martina Jacobsson samt Petter Eriksson<\/p>\n<p>Boka bord och \u00e4t en god middag hos oss p\u00e5 V\u00e4rdshuset innan f\u00f6rest\u00e4llningen eller varf\u00f6r inte en helhelg p\u00e5 Br\u00e4nn\u00f6 med Pensionatboende, frukostbuff\u00e9, middag och teater.<\/p>\n<p>&nbsp;<\/p>\n<h4 class=\"preamble\">Br\u00e4nn\u00f6 konstrunda<\/h4>\n<p>Infaller den f\u00f6rsta helgen i augusti.<\/p>\n<p>&nbsp;<\/p>\n<h4 class=\"preamble\">Br\u00e4nn\u00f6 Rundg\u00e5ng<\/h4>\n<p>Sista l\u00f6rdagen i augusti \u00e4r det musik \u00f6verallt p\u00e5 Br\u00e4nn\u00f6. V\u00e5ra musikanter p\u00e5 \u00f6n \u00f6ppnar upp sina tr\u00e4dg\u00e5rdar och bjuder p\u00e5 underbar musik. Program \u00e4ven p\u00e5 \u00a0Br\u00e4nn\u00f6 brygga och hos oss p\u00e5 V\u00e4rdshuset. Kv\u00e4llen avslutas med spelningar p\u00e5 V\u00e4rdshuset.<\/p>\n<p>&nbsp;<\/p>\n<h4 class=\"preamble\">V\u00e4sterhavsveckan<\/h4>\n<p>En temavecka f\u00f6r havsmilj\u00f6n. H\u00e5lls 6-16 augusti 2016.<\/p>\n<p>&nbsp;<\/p>\n<h5>\u00d6LOPPET<\/h5>\n<p>\u00d6loppet \u00e4r en swimrun-t\u00e4vling som v\u00e4nder sig till eliten men passar \u00e4ven den vanliga motion\u00e4ren. I lag om tv\u00e5 t\u00e4vlar deltagarna genom att springa \u00f6ver och simma mellan de \u00f6ar som utg\u00f6r t\u00e4vlingsbanan. T\u00e4vlingen \u00e4ger rum i G\u00f6teborgs s\u00f6dra sk\u00e4rg\u00e5rd och str\u00e4cker sig \u00f6ver tv\u00e5 alternativa banstr\u00e4ckningar, \u00d6loppet och \u00d6loppet Sprint. T\u00e4vlingen g\u00e5r utmed \u00f6arnas g\u00e5ngstr\u00e5k, stigar, och v\u00e4gar och deltagarna \u00e4r garanterade en naturupplevelse ut\u00f6ver det vanliga. Totalt 600 startande lag kommer med b\u00f6rjan fr\u00e5n kl 10.00 avverka den 4 respektive 2 mil l\u00e5nga banan p\u00e5 tider mellan 2 till 8 timmar innan de n\u00e5r m\u00e5l p\u00e5 Styrs\u00f6 Bratten.<\/p>\n<p>\u00d6loppet 2016 g\u00e5r av stapeln L\u00f6rdagen den\u00a0<strong>6 Augusti 2016<\/strong>, och anm\u00e4lan \u00f6ppnar den 4:e september 2015.<\/p>\n<p><a href=\"http:\/\/www.oloppet.se\/?page_id=2696\" target=\"_blank\">Hemsida \u00d6loppet<\/a><\/p>\n<p>&nbsp;<\/p>\n<h4 class=\"preamble\">Br\u00e4nn\u00f6 JULVANDRING<\/h4>\n<p>En \u00e5rlig julmarknad p\u00e5 Br\u00e4nn\u00f6 i december m\u00e5nad.<\/p>\n<p>&nbsp;<\/p>\n","protected":false},"excerpt":{"rendered":"<p>Br\u00e4nn\u00f6 kallas ocks\u00e5 &#8220;\u00f6n det sjunger om&#8221; V\u00e5r stolthet Lasse Dahlqvist och hans h\u00e4rliga musik spelas ofta Inte minst p\u00e5 v\u00e5r Lasse Dahlqvistdag f\u00f6rsta helgen i augusti. P\u00e5 V\u00e4rdshuset \u00e4r det musik flera g\u00e5nger per m\u00e5nad \u00e5ret runt men ocks\u00e5 en m\u00e4ngd andra evenemang och aktiviteter sker under \u00e5ret Musik F\u00f6r planerade musikevenemang se under [&hellip;]<\/p>\n","protected":false},"author":2,"featured_media":0,"parent":0,"menu_order":0,"comment_status":"open","ping_status":"open","template":"","meta":[],"_links":{"self":[{"href":"https:\/\/brannovardshus.se\/en\/wp-json\/wp\/v2\/pages\/1810"}],"collection":[{"href":"https:\/\/brannovardshus.se\/en\/wp-json\/wp\/v2\/pages"}],"about":[{"href":"https:\/\/brannovardshus.se\/en\/wp-json\/wp\/v2\/types\/page"}],"author":[{"embeddable":true,"href":"https:\/\/brannovardshus.se\/en\/wp-json\/wp\/v2\/users\/2"}],"replies":[{"embeddable":true,"href":"https:\/\/brannovardshus.se\/en\/wp-json\/wp\/v2\/comments?post=1810"}],"version-history":[{"count":0,"href":"https:\/\/brannovardshus.se\/en\/wp-json\/wp\/v2\/pages\/1810\/revisions"}],"wp:attachment":[{"href":"https:\/\/brannovardshus.se\/en\/wp-json\/wp\/v2\/media?parent=1810"}],"curies":[{"name":"wp","href":"https:\/\/api.w.org\/{rel}","templated":true}]}}